{"id":291,"date":"2023-06-07T09:48:05","date_gmt":"2023-06-07T09:48:05","guid":{"rendered":"https:\/\/www.bridgevr.de\/?page_id=291"},"modified":"2026-03-20T10:26:43","modified_gmt":"2026-03-20T10:26:43","slug":"kurzinformation-auf-deutsch","status":"publish","type":"page","link":"https:\/\/www.bridgevr.de\/index.php\/kurzinformation-auf-deutsch\/","title":{"rendered":"Kurzinformation auf Deutsch"},"content":{"rendered":"\n<div class=\"wp-block-greenshift-blocks-container gspb_container gspb_container-gsbp-65456adc-5318\" id=\"gspb_container-id-gsbp-65456adc-5318\">\n<h2 id=\"gspb_heading-id-gsbp-02880c76-04a9\" class=\"gspb_heading gspb_heading-id-gsbp-02880c76-04a9 \">Pr\u00fcfungs <strong><p style=\"color:#FFA400;display:inline\">V<\/p><\/strong>orbe<strong><p style=\"color:#FFA400;display:inline\">R<\/p><\/strong>eitung\n\n\n<\/h2>\n\n\n\n<div class=\"wp-block-greenshift-blocks-container gspb_container gspb_container-gsbp-ac803950-2822\" id=\"gspb_container-id-gsbp-ac803950-2822\">\n<div class=\"wp-block-greenshift-blocks-container gspb_container gspb_container-gsbp-b4ae4a02-0204\" id=\"gspb_container-id-gsbp-b4ae4a02-0204\">\n<div id=\"gspb_text-id-gsbp-6da4d297-a6f1\" class=\"gspb_text gspb_text-id-gsbp-6da4d297-a6f1 \"><strong>Bridge of Knowledge VR (<em>Bridge of Knowledge VR<\/em>)<\/strong><\/div>\n<\/div>\n\n\n\n<div class=\"wp-block-greenshift-blocks-container gspb_container gspb_container-gsbp-94ab13fe-841c\" id=\"gspb_container-id-gsbp-94ab13fe-841c\">\n<div id=\"gspb_text-id-gsbp-2c5db508-2ada\" class=\"gspb_text gspb_text-id-gsbp-2c5db508-2ada \"><strong><strong><strong>Die VR-Abenteuer-Quiz-App<\/strong><\/strong><\/strong><\/div>\n\n\n\n<div id=\"gspb_text-id-gsbp-e7880ac8-f784\" class=\"gspb_text gspb_text-id-gsbp-e7880ac8-f784 \">Erlebe dein eigenes VR-Lernabenteuer im Dschungel und \u00fcberquere eine H\u00e4ngebr\u00fccke \u00fcber eine tiefe Schlucht. Beantworte 10 Fragen, indem du durch Blicksteuerung die einzige Planke mit der richtigen Antwort ausw\u00e4hlst. Ist die Antwort falsch, erlebst du einen freien Fall \u2013 oder w\u00e4hle den H\u00f6henangstmodus, in dem die Br\u00fccke \u00fcber einen ruhigen Fluss f\u00fchrt. Nach dem Game Over erf\u00e4hrst du die richtige Antwort. Die erfolgreiche \u00dcberquerung der Br\u00fccke dauert etwa 10 Minuten.<br><br>Teste dein Wissen in vielen unterschiedlichen Levels, mit Fragen zu Bereichen wie Allgemeinwissen und Kopfrechnen und Spezialgebieten wie Arch\u00e4ologie oder Didaktik. Eine \u00dcbersicht \u00fcber die Themen der Levels findest du <a href=\"https:\/\/www.bridgevr.de\/index.php\/levels\/\" class=\"ek-link\">hier<\/a>.<br><br>Die App <em>Bridge of Knowledge VR<\/em> bekommst du kostenlos in <strong>Google Play<\/strong>. Au\u00dferdem ben\u00f6tigst du zum Spielen eine VR-Brillenhalterung, in die du dein Android<sup>TM<\/sup>-Handy einlegen kannst. Funktionsf\u00e4hige Modelle aus Pappe gibt es schon f\u00fcr unter 5\u20ac im (Online-)Handel.<\/div>\n<\/div>\n\n\n\n<div class=\"wp-block-greenshift-blocks-container gspb_container gspb_container-gsbp-cfe16246-6941\" id=\"gspb_container-id-gsbp-cfe16246-6941\">\n<div id=\"gspb_text-id-gsbp-3008b68a-65f5\" class=\"gspb_text gspb_text-id-gsbp-3008b68a-65f5 \"><strong><strong><strong>Wie das Spiel funktioniert<\/strong><\/strong><\/strong><\/div>\n\n\n\n<div id=\"gspb_text-id-gsbp-78b2e542-4c4a\" class=\"gspb_text gspb_text-id-gsbp-78b2e542-4c4a \">Dein Ziel ist es, die Br\u00fccke des Wissens zu \u00fcberqueren. Daf\u00fcr musst du zehn Fragen richtig beantworten, die nach und nach auf einem Pergament neben dir erscheinen. Die m\u00f6glichen Antworten stehen auf den Br\u00fcckenplanken vor dir. Es gibt immer nur eine richtige Antwort.<br><br>W\u00e4hle eine Antwort aus, indem du auf das Augensymbol auf der rechten Seite der Planke schaust. Wenn der blaue Punkt in der Mitte deines Blickfelds sich auf dem Augensymbol befindet, erscheint ein Ladekreis. Sobald dieser 100% erreicht, ist deine Antwort eingeloggt.<br><br>Ist die Antwort richtig, dann bewegst du dich nach vorne, und eine neue Frage erscheint auf dem Pergament. Ist die Antwort falsch, h\u00e4ngen die Folgen vom Spielmodus ab. Im Einstellungsmen\u00fc kannst du zwischen folgenden M\u00f6glichkeiten w\u00e4hlen:<br><br><strong>1. Standard-Modus<\/strong>: Im Standard-Modus ert\u00f6nt bei einer falschen Antwort ein Ger\u00e4usch, und du f\u00e4llst in die Tiefe, bis der Sturz nach wenigen Augenblicken vom Game Over unterbrochen wird.<br><br><strong>2. H\u00f6henangstmodus<\/strong>: Dieser Modus ist ideal, wenn du unter H\u00f6henangst leidest. Die Br\u00fccke befindet sich direkt \u00fcber einem ruhig dahinflie\u00dfenden Fluss, und wenn du eine falsche Antwort ausw\u00e4hlst, erscheint sofort Game Over (ohne Ger\u00e4usch und ohne Fall in die Tiefe). Um den H\u00f6henangstmodus zu aktivieren, drehe dich einfach vor dem Betreten der Br\u00fccke um und aktiviere den entsprechenden Button durch Blicksteuerung.<br><br>In beiden Spielmodi bekommst du nach dem Game Over die richtige Antwort gezeigt. Anschlie\u00dfend kannst du \u00fcber den Neustart-Button an den Anfang der Br\u00fccke zur\u00fcckkehren, und ein neues Spiel im selben Level beginnt.<br>Um ein Level mit anderen Inhalten auszuw\u00e4hlen, oder um deine Einstellungen zu \u00e4ndern, drehe dich einfach um. Hinter dir befindet sich ein Men\u00fc, das ebenfalls mit Blicksteuerung funktioniert.<\/div>\n<\/div>\n\n\n\n<div class=\"wp-block-greenshift-blocks-container gspb_container gspb_container-gsbp-8b240421-dba9\" id=\"gspb_container-id-gsbp-8b240421-dba9\">\n<div id=\"gspb_text-id-gsbp-cf3d3d24-cf7c\" class=\"gspb_text gspb_text-id-gsbp-cf3d3d24-cf7c \"><strong><strong><strong><strong>Welche Levels gibt es?<\/strong><\/strong><\/strong><\/strong><\/div>\n\n\n\n<div id=\"gspb_text-id-gsbp-aadcb039-82e5\" class=\"gspb_text gspb_text-id-gsbp-aadcb039-82e5 \">Du kannst zwischen einer Vielzahl an unterschiedlichen Levels w\u00e4hlen, mit Fragen zum Allgemeinwissen und zu Spezialgebieten wie Arch\u00e4ologie oder Sprachwissenschaft. Auch wenn sich manche Levels zu Spezialgebieten vor allem an Studierende dieser F\u00e4cher richten, kann jede(r) mitspielen \u2013 und auf dem Weg vielleicht etwas Neues lernen.<br><br>Einen \u00dcberblick \u00fcber alle Levels findest du <a href=\"https:\/\/www.bridgevr.de\/index.php\/levels\/\" class=\"ek-link\"><strong>hier<\/strong><\/a>. Die \u00dcberblicksseite ist zwar auf Englisch, doch im allgemeinen Suchfeld direkt \u00fcber der Tabelle und im Suchfeld der ersten Spalte kannst du auch deutsche W\u00f6rter eingeben. Du kannst nach Themengebieten (wie Didaktik), AutorInnen (z.B. deinen DozentInnen) und auch nach der Sprache suchen (<em>German<\/em> in Spalte 3, um deutschsprachige Levels zu finden). Wenn du in der Handyansicht auf die erste Spalte tippst, bekommst du weitere Informationen \u00fcber das Level.<\/div>\n<\/div>\n\n\n\n<div class=\"wp-block-greenshift-blocks-container gspb_container gspb_container-gsbp-14a54f10-ff6e\" id=\"gspb_container-id-gsbp-14a54f10-ff6e\">\n<div id=\"gspb_text-id-gsbp-cae76ae4-adad\" class=\"gspb_text gspb_text-id-gsbp-cae76ae4-adad \"><strong><strong><strong><strong><strong>Schritte zur Erstellung eines eigenen Levels (f\u00fcr DozentInnen)<\/strong><\/strong><\/strong><\/strong><\/strong><\/div>\n\n\n\n<div id=\"gspb_text-id-gsbp-56e383d1-5ba1\" class=\"gspb_text gspb_text-id-gsbp-56e383d1-5ba1 \">1) Template-Datei mit <a href=\"https:\/\/www.bridgevr.de\/wp-content\/uploads\/2023\/06\/Template_3_distractors.xlsx\" class=\"ek-link\">3 Distraktoren<\/a> (gegebenenfalls auch <a href=\"https:\/\/www.bridgevr.de\/wp-content\/uploads\/2023\/06\/Template_4_distractors.xlsx\" class=\"ek-link\">4 Distraktoren<\/a>) herunterladen.<br><br>2) Excel-Template mit eigenen Inhalten f\u00fcllen.<br>Maximale Fragenl\u00e4nge = 18 Zeichen x 10 Zeilen<br>Maximale Antwortl\u00e4nge = 16 Zeichen x 10 Zeilen<br>Wichtig: Zeilenumbr\u00fcche durch Alt + Return einf\u00fcgen<br>Nicht ganz bis an den Zellenrand schreiben<br><br>3) Formular mit <a href=\"https:\/\/www.bridgevr.de\/wp-content\/uploads\/2023\/06\/Request_form_new_level.docx\" class=\"ek-link\">Einverst\u00e4ndniserkl\u00e4rung<\/a> und Informationen zum Spiel ausf\u00fcllen und unterschrieben an linguistikstudie@yahoo.de schicken.<\/div>\n<\/div>\n\n\n\n<div class=\"wp-block-greenshift-blocks-container gspb_container gspb_container-gsbp-e36d07af-497e\" id=\"gspb_container-id-gsbp-e36d07af-497e\">\n<div id=\"gspb_text-id-gsbp-2404be3c-fb6a\" class=\"gspb_text gspb_text-id-gsbp-2404be3c-fb6a \"><strong><strong><strong><strong><strong><strong>Wer steckt hinter dem Spiel?<\/strong><\/strong><\/strong><\/strong><\/strong><\/strong><\/div>\n\n\n\n<div id=\"gspb_text-id-gsbp-cf689dc5-65d9\" class=\"gspb_text gspb_text-id-gsbp-cf689dc5-65d9 \">Die App<em>\u00a0Bridge of Knowledge VR<\/em> wurde entwickelt von einem Team unter der Leitung von Dr. Christina Sanchez-Stockhammer (LMU M\u00fcnchen) und Elisabeth Mayer (Leibniz-Rechenzentrum der Bayerischen Akademie der Wissenschaften). Das Team bestand aus Sandra Dragan (Programmierung und Multimedia), Ricarda Fasol (Design und 3D), Alexander Kenkenberg (Programmierung und Troubleshooting) und Sviatoslav Tugeev (Internetseite und allgemeine Unterst\u00fctzung).<\/div>\n<\/div>\n<\/div>\n<\/div>\n","protected":false},"excerpt":{"rendered":"","protected":false},"author":2,"featured_media":0,"parent":0,"menu_order":0,"comment_status":"closed","ping_status":"closed","template":"wp-custom-template-default-page-template","meta":{"_editorskit_title_hidden":false,"_editorskit_reading_time":0,"_editorskit_is_block_options_detached":false,"_editorskit_block_options_position":"{}","_gspb_post_css":"@import url(https:\/\/fonts.googleapis.com\/css?family=Noto+Sans+SC|Noto+Sans+SC:300|Noto+Sans+SC:300|Noto+Sans+SC|Noto+Sans+SC:300|Noto+Sans+SC|Open+Sans:300|Open+Sans|Noto+Sans+SC:300|Noto+Sans+SC|Open+Sans:300|Open+Sans|Noto+Sans+SC:300|Noto+Sans+SC|Open+Sans:300|Open+Sans|Noto+Sans+SC:300|Noto+Sans+SC|Open+Sans:300|Open+Sans|Noto+Sans+SC:300|Noto+Sans+SC|Open+Sans:300|Open+Sans);.gspb_container-id-gsbp-65456adc-5318,.gspb_container-id-gsbp-ac803950-2822,.gspb_container-id-gsbp-b4ae4a02-0204{flex-direction:column;box-sizing:border-box}#gspb_container-id-gsbp-14a54f10-ff6e.gspb_container>p:last-of-type,#gspb_container-id-gsbp-65456adc-5318.gspb_container>p:last-of-type,#gspb_container-id-gsbp-8b240421-dba9.gspb_container>p:last-of-type,#gspb_container-id-gsbp-94ab13fe-841c.gspb_container>p:last-of-type,#gspb_container-id-gsbp-ac803950-2822.gspb_container>p:last-of-type,#gspb_container-id-gsbp-b4ae4a02-0204.gspb_container>p:last-of-type,#gspb_container-id-gsbp-cfe16246-6941.gspb_container>p:last-of-type,#gspb_container-id-gsbp-e36d07af-497e.gspb_container>p:last-of-type{margin-bottom:0}#gspb_container-id-gsbp-65456adc-5318.gspb_container{position:relative;box-sizing:border-box}#gspb_container-id-gsbp-ac803950-2822.gspb_container{position:relative;display:grid;grid-template-columns:repeat(1,minmax(0,1fr));row-gap:35px;box-sizing:border-box}#gspb_container-id-gsbp-b4ae4a02-0204.gspb_container{position:relative;box-sizing:border-box}#gspb_heading-id-gsbp-02880c76-04a9,.gspb_text-id-gsbp-6da4d297-a6f1{font-weight:300;font-family:Noto Sans SC,sans-serif}.gspb_container-id-gsbp-94ab13fe-841c{flex-direction:column;box-sizing:border-box}#gspb_container-id-gsbp-94ab13fe-841c.gspb_container{position:relative;display:grid;grid-template-columns:repeat(1,minmax(0,1fr));row-gap:15px;box-sizing:border-box}.gspb_text-id-gsbp-2c5db508-2ada{font-weight:300;font-family:Noto Sans SC,sans-serif}.gspb_text-id-gsbp-e7880ac8-f784{font-weight:300;font-family:Open Sans,sans-serif}.gspb_container-id-gsbp-cfe16246-6941{flex-direction:column;box-sizing:border-box}.gspb_text-id-gsbp-3008b68a-65f5{font-weight:300;font-family:Noto Sans SC,sans-serif}.gspb_text-id-gsbp-78b2e542-4c4a{font-weight:300;font-family:Open Sans,sans-serif}.gspb_container-id-gsbp-8b240421-dba9{flex-direction:column;box-sizing:border-box}#gspb_container-id-gsbp-8b240421-dba9.gspb_container,#gspb_container-id-gsbp-cfe16246-6941.gspb_container{position:relative;display:grid;grid-template-columns:repeat(1,minmax(0,1fr));row-gap:15px;box-sizing:border-box}.gspb_text-id-gsbp-cf3d3d24-cf7c{font-weight:300;font-family:Noto Sans SC,sans-serif}.gspb_text-id-gsbp-aadcb039-82e5{font-weight:300;font-family:Open Sans,sans-serif}.gspb_container-id-gsbp-14a54f10-ff6e{flex-direction:column;box-sizing:border-box}.gspb_text-id-gsbp-cae76ae4-adad{font-weight:300;font-family:Noto Sans SC,sans-serif}.gspb_text-id-gsbp-56e383d1-5ba1{font-weight:300;font-family:Open Sans,sans-serif}.gspb_container-id-gsbp-e36d07af-497e{flex-direction:column;box-sizing:border-box}#gspb_container-id-gsbp-14a54f10-ff6e.gspb_container,#gspb_container-id-gsbp-e36d07af-497e.gspb_container{position:relative;display:grid;grid-template-columns:repeat(1,minmax(0,1fr));row-gap:15px;box-sizing:border-box}.gspb_text-id-gsbp-2404be3c-fb6a{font-weight:300;font-family:Noto Sans SC,sans-serif}.gspb_text-id-gsbp-cf689dc5-65d9{font-weight:300;font-family:Open Sans,sans-serif}","footnotes":""},"class_list":["post-291","page","type-page","status-publish","hentry"],"_links":{"self":[{"href":"https:\/\/www.bridgevr.de\/index.php\/wp-json\/wp\/v2\/pages\/291","targetHints":{"allow":["GET"]}}],"collection":[{"href":"https:\/\/www.bridgevr.de\/index.php\/wp-json\/wp\/v2\/pages"}],"about":[{"href":"https:\/\/www.bridgevr.de\/index.php\/wp-json\/wp\/v2\/types\/page"}],"author":[{"embeddable":true,"href":"https:\/\/www.bridgevr.de\/index.php\/wp-json\/wp\/v2\/users\/2"}],"replies":[{"embeddable":true,"href":"https:\/\/www.bridgevr.de\/index.php\/wp-json\/wp\/v2\/comments?post=291"}],"version-history":[{"count":17,"href":"https:\/\/www.bridgevr.de\/index.php\/wp-json\/wp\/v2\/pages\/291\/revisions"}],"predecessor-version":[{"id":528,"href":"https:\/\/www.bridgevr.de\/index.php\/wp-json\/wp\/v2\/pages\/291\/revisions\/528"}],"wp:attachment":[{"href":"https:\/\/www.bridgevr.de\/index.php\/wp-json\/wp\/v2\/media?parent=291"}],"curies":[{"name":"wp","href":"https:\/\/api.w.org\/{rel}","templated":true}]}}